{"id":1039,"date":"2015-10-20T09:24:58","date_gmt":"2015-10-20T07:24:58","guid":{"rendered":"https:\/\/www.taxi-tirol.com\/en\/impressum\/"},"modified":"2016-06-02T11:12:39","modified_gmt":"2016-06-02T09:12:39","slug":"legal-policy","status":"publish","type":"page","link":"https:\/\/www.taxi-tirol.com\/en\/legal-policy\/","title":{"rendered":"Legal Policy"},"content":{"rendered":"<p><strong>Adresse<\/strong><\/p>\n<p>Taxi Tirol<br \/>\nAdamgasse 31<br \/>\nA- 6020 Innsbruck<\/p>\n<p><strong>Kontaktdaten<\/strong><\/p>\n<p>+43 676 607 81 90<br \/>\noffice@taxi-tirol.com<\/p>\n<p><strong>Gesch\u00e4ftsf\u00fchrer<\/strong><\/p>\n<p>Aytekin Kiran<\/p>\n<p><strong>Umsatz Identifikationsnummer<\/strong><\/p>\n<p>ATU60807568<\/p>\n<p><strong>Haftung:<\/strong><\/p>\n<p>S\u00e4mtliche Texte auf dieser Website wurden sorgf\u00e4ltig gepr\u00fcft. Dessen ungeachtet kann keine Garantie f\u00fcr die Richtigkeit, Vollst\u00e4ndigkeit und Aktualit\u00e4t der Angaben \u00fcbernommen werden. Eine Haftung von Aytekin Kiran wird daher ausgeschlossen.<\/p>\n<p>&nbsp;<\/p>\n<p><strong>Hinweise:<\/strong><\/p>\n<p>Aus rechtlichen Gr\u00fcnden m\u00fcssen wir darauf hinweisen, dass wir auf den Inhalt verlinkter Seiten nicht immer Einfluss nehmen k\u00f6nnen und daher daf\u00fcr nicht verantwortlich sind! S\u00e4mtliche personenbezogenen Daten, die durch Formulare auf dieser Seite eingegeben werden, werden von uns nur zum daf\u00fcr vorgesehenen Zweck verwendet und auf Wunsch gel\u00f6scht.<\/p>\n<p><strong>Datenschutzhinweis:<\/strong><\/p>\n<p>Diese Website benutzt Google Analytics, einen Webanalysedienst der Google Inc. (\u201eGoogle\u201c). Google Analytics verwendet sog. \u201eCookies\u201c, Textdateien, die auf Ihrem Computer gespeichert werden und die eine Analyse der Benutzung der Website durch Sie erm\u00f6glicht. Die durch den Cookie erzeugten Informationen \u00fcber Ihre Benutzung dieser Website (einschlie\u00dflich Ihrer IP-Adresse) wird an einen Server von Google in den USA \u00fcbertragen und dort gespeichert. Google wird diese Informationen benutzen, um Ihre Nutzung der Website auszuwerten, um Reports \u00fcber die Websiteaktivit\u00e4ten f\u00fcr die Websitebetreiber zusammenzustellen und um weitere mit der Websitenutzung und der Internetnutzung verbundene Dienstleistungen zu erbringen. Auch wird Google diese Informationen gegebenenfalls an Dritte \u00fcbertragen, sofern dies gesetzlich vorgeschrieben oder soweit Dritte diese Daten im Auftrag von Google verarbeiten. Google wird in keinem Fall Ihre IP-Adresse mit anderen Daten von Google in Verbindung bringen. Sie k\u00f6nnen die Installation der Cookies durch eine entsprechende Einstellung Ihrer Browser Software verhindern; wir weisen Sie jedoch darauf hin, dass Sie in diesem Fall gegebenenfalls nicht s\u00e4mtliche Funktionen dieser Website voll umf\u00e4nglich nutzen k\u00f6nnen. Durch die Nutzung dieser Website erkl\u00e4ren Sie sich mit der Bearbeitung der \u00fcber Sie erhobenen Daten durch Google in der zuvor beschriebenen Art und Weise und zu dem zuvor benannten Zweck einverstanden.<\/p>\n","protected":false},"excerpt":{"rendered":"<p>Adresse Taxi Tirol Adamgasse 31 A- 6020 Innsbruck Kontaktdaten +43 676 607 81 90 office@taxi-tirol.com Gesch\u00e4ftsf\u00fchrer Aytekin Kiran Umsatz Identifikationsnummer ATU60807568 Haftung: S\u00e4mtliche Texte auf dieser Website wurden sorgf\u00e4ltig gepr\u00fcft. Dessen ungeachtet kann keine Garantie f\u00fcr die Richtigkeit, Vollst\u00e4ndigkeit und Aktualit\u00e4t der Angaben \u00fcbernommen werden. Eine Haftung von Aytekin Kiran wird daher ausgeschlossen. &nbsp; Hinweise: &hellip;<\/p>\n","protected":false},"author":1,"featured_media":0,"parent":0,"menu_order":0,"comment_status":"closed","ping_status":"closed","template":"","meta":{"footnotes":""},"yoast_head":"<!-- This site is optimized with the Yoast SEO plugin v22.7 - https:\/\/yoast.com\/wordpress\/plugins\/seo\/ -->\n<title>Legal Policy | Taxi Tirol<\/title>\n<meta name=\"robots\" content=\"index, follow, max-snippet:-1, max-image-preview:large, max-video-preview:-1\" \/>\n<link rel=\"canonical\" href=\"https:\/\/www.taxi-tirol.com\/impressum\/\" \/>\n<meta property=\"og:locale\" content=\"en_GB\" \/>\n<meta property=\"og:type\" content=\"article\" \/>\n<meta property=\"og:title\" content=\"Legal Policy | Taxi Tirol\" \/>\n<meta property=\"og:description\" content=\"Adresse Taxi Tirol Adamgasse 31 A- 6020 Innsbruck Kontaktdaten +43 676 607 81 90 office@taxi-tirol.com Gesch\u00e4ftsf\u00fchrer Aytekin Kiran Umsatz Identifikationsnummer ATU60807568 Haftung: S\u00e4mtliche Texte auf dieser Website wurden sorgf\u00e4ltig gepr\u00fcft. Dessen ungeachtet kann keine Garantie f\u00fcr die Richtigkeit, Vollst\u00e4ndigkeit und Aktualit\u00e4t der Angaben \u00fcbernommen werden. Eine Haftung von Aytekin Kiran wird daher ausgeschlossen. &nbsp; Hinweise: &hellip;\" \/>\n<meta property=\"og:url\" content=\"https:\/\/www.taxi-tirol.com\/impressum\/\" \/>\n<meta property=\"og:site_name\" content=\"Taxi Tirol\" \/>\n<meta property=\"article:publisher\" content=\"https:\/\/www.facebook.com\/taxi.tirol.innsbruck\/\" \/>\n<meta property=\"article:modified_time\" content=\"2016-06-02T09:12:39+00:00\" \/>\n<meta name=\"twitter:card\" content=\"summary_large_image\" \/>\n<meta name=\"twitter:site\" content=\"@taxi_tirol\" \/>\n<meta name=\"twitter:label1\" content=\"Est. reading time\" \/>\n\t<meta name=\"twitter:data1\" content=\"2 minutes\" \/>\n<script type=\"application\/ld+json\" class=\"yoast-schema-graph\">{\"@context\":\"https:\/\/schema.org\",\"@graph\":[{\"@type\":\"WebPage\",\"@id\":\"https:\/\/www.taxi-tirol.com\/impressum\/\",\"url\":\"https:\/\/www.taxi-tirol.com\/impressum\/\",\"name\":\"Legal Policy | Taxi Tirol\",\"isPartOf\":{\"@id\":\"https:\/\/www.taxi-tirol.com\/#website\"},\"datePublished\":\"2015-10-20T07:24:58+00:00\",\"dateModified\":\"2016-06-02T09:12:39+00:00\",\"breadcrumb\":{\"@id\":\"https:\/\/www.taxi-tirol.com\/impressum\/#breadcrumb\"},\"inLanguage\":\"en-GB\",\"potentialAction\":[{\"@type\":\"ReadAction\",\"target\":[\"https:\/\/www.taxi-tirol.com\/impressum\/\"]}]},{\"@type\":\"BreadcrumbList\",\"@id\":\"https:\/\/www.taxi-tirol.com\/impressum\/#breadcrumb\",\"itemListElement\":[{\"@type\":\"ListItem\",\"position\":1,\"name\":\"Home\",\"item\":\"https:\/\/www.taxi-tirol.com\/en\/\"},{\"@type\":\"ListItem\",\"position\":2,\"name\":\"Legal Policy\"}]},{\"@type\":\"WebSite\",\"@id\":\"https:\/\/www.taxi-tirol.com\/#website\",\"url\":\"https:\/\/www.taxi-tirol.com\/\",\"name\":\"Taxi Tirol\",\"description\":\"Taxi Tirol\",\"publisher\":{\"@id\":\"https:\/\/www.taxi-tirol.com\/#organization\"},\"potentialAction\":[{\"@type\":\"SearchAction\",\"target\":{\"@type\":\"EntryPoint\",\"urlTemplate\":\"https:\/\/www.taxi-tirol.com\/?s={search_term_string}\"},\"query-input\":\"required name=search_term_string\"}],\"inLanguage\":\"en-GB\"},{\"@type\":\"Organization\",\"@id\":\"https:\/\/www.taxi-tirol.com\/#organization\",\"name\":\"Taxi Tirol\",\"url\":\"https:\/\/www.taxi-tirol.com\/\",\"logo\":{\"@type\":\"ImageObject\",\"inLanguage\":\"en-GB\",\"@id\":\"https:\/\/www.taxi-tirol.com\/#\/schema\/logo\/image\/\",\"url\":\"https:\/\/www.taxi-tirol.com\/wp-content\/uploads\/2015\/10\/logo@2x.png\",\"contentUrl\":\"https:\/\/www.taxi-tirol.com\/wp-content\/uploads\/2015\/10\/logo@2x.png\",\"width\":411,\"height\":129,\"caption\":\"Taxi Tirol\"},\"image\":{\"@id\":\"https:\/\/www.taxi-tirol.com\/#\/schema\/logo\/image\/\"},\"sameAs\":[\"https:\/\/www.facebook.com\/taxi.tirol.innsbruck\/\",\"https:\/\/x.com\/taxi_tirol\"]}]}<\/script>\n<!-- \/ Yoast SEO plugin. -->","yoast_head_json":{"title":"Legal Policy | Taxi Tirol","robots":{"index":"index","follow":"follow","max-snippet":"max-snippet:-1","max-image-preview":"max-image-preview:large","max-video-preview":"max-video-preview:-1"},"canonical":"https:\/\/www.taxi-tirol.com\/impressum\/","og_locale":"en_GB","og_type":"article","og_title":"Legal Policy | Taxi Tirol","og_description":"Adresse Taxi Tirol Adamgasse 31 A- 6020 Innsbruck Kontaktdaten +43 676 607 81 90 office@taxi-tirol.com Gesch\u00e4ftsf\u00fchrer Aytekin Kiran Umsatz Identifikationsnummer ATU60807568 Haftung: S\u00e4mtliche Texte auf dieser Website wurden sorgf\u00e4ltig gepr\u00fcft. Dessen ungeachtet kann keine Garantie f\u00fcr die Richtigkeit, Vollst\u00e4ndigkeit und Aktualit\u00e4t der Angaben \u00fcbernommen werden. Eine Haftung von Aytekin Kiran wird daher ausgeschlossen. &nbsp; Hinweise: &hellip;","og_url":"https:\/\/www.taxi-tirol.com\/impressum\/","og_site_name":"Taxi Tirol","article_publisher":"https:\/\/www.facebook.com\/taxi.tirol.innsbruck\/","article_modified_time":"2016-06-02T09:12:39+00:00","twitter_card":"summary_large_image","twitter_site":"@taxi_tirol","twitter_misc":{"Est. reading time":"2 minutes"},"schema":{"@context":"https:\/\/schema.org","@graph":[{"@type":"WebPage","@id":"https:\/\/www.taxi-tirol.com\/impressum\/","url":"https:\/\/www.taxi-tirol.com\/impressum\/","name":"Legal Policy | Taxi Tirol","isPartOf":{"@id":"https:\/\/www.taxi-tirol.com\/#website"},"datePublished":"2015-10-20T07:24:58+00:00","dateModified":"2016-06-02T09:12:39+00:00","breadcrumb":{"@id":"https:\/\/www.taxi-tirol.com\/impressum\/#breadcrumb"},"inLanguage":"en-GB","potentialAction":[{"@type":"ReadAction","target":["https:\/\/www.taxi-tirol.com\/impressum\/"]}]},{"@type":"BreadcrumbList","@id":"https:\/\/www.taxi-tirol.com\/impressum\/#breadcrumb","itemListElement":[{"@type":"ListItem","position":1,"name":"Home","item":"https:\/\/www.taxi-tirol.com\/en\/"},{"@type":"ListItem","position":2,"name":"Legal Policy"}]},{"@type":"WebSite","@id":"https:\/\/www.taxi-tirol.com\/#website","url":"https:\/\/www.taxi-tirol.com\/","name":"Taxi Tirol","description":"Taxi Tirol","publisher":{"@id":"https:\/\/www.taxi-tirol.com\/#organization"},"potentialAction":[{"@type":"SearchAction","target":{"@type":"EntryPoint","urlTemplate":"https:\/\/www.taxi-tirol.com\/?s={search_term_string}"},"query-input":"required name=search_term_string"}],"inLanguage":"en-GB"},{"@type":"Organization","@id":"https:\/\/www.taxi-tirol.com\/#organization","name":"Taxi Tirol","url":"https:\/\/www.taxi-tirol.com\/","logo":{"@type":"ImageObject","inLanguage":"en-GB","@id":"https:\/\/www.taxi-tirol.com\/#\/schema\/logo\/image\/","url":"https:\/\/www.taxi-tirol.com\/wp-content\/uploads\/2015\/10\/logo@2x.png","contentUrl":"https:\/\/www.taxi-tirol.com\/wp-content\/uploads\/2015\/10\/logo@2x.png","width":411,"height":129,"caption":"Taxi Tirol"},"image":{"@id":"https:\/\/www.taxi-tirol.com\/#\/schema\/logo\/image\/"},"sameAs":["https:\/\/www.facebook.com\/taxi.tirol.innsbruck\/","https:\/\/x.com\/taxi_tirol"]}]}},"_links":{"self":[{"href":"https:\/\/www.taxi-tirol.com\/en\/wp-json\/wp\/v2\/pages\/1039"}],"collection":[{"href":"https:\/\/www.taxi-tirol.com\/en\/wp-json\/wp\/v2\/pages"}],"about":[{"href":"https:\/\/www.taxi-tirol.com\/en\/wp-json\/wp\/v2\/types\/page"}],"author":[{"embeddable":true,"href":"https:\/\/www.taxi-tirol.com\/en\/wp-json\/wp\/v2\/users\/1"}],"replies":[{"embeddable":true,"href":"https:\/\/www.taxi-tirol.com\/en\/wp-json\/wp\/v2\/comments?post=1039"}],"version-history":[{"count":1,"href":"https:\/\/www.taxi-tirol.com\/en\/wp-json\/wp\/v2\/pages\/1039\/revisions"}],"predecessor-version":[{"id":1040,"href":"https:\/\/www.taxi-tirol.com\/en\/wp-json\/wp\/v2\/pages\/1039\/revisions\/1040"}],"wp:attachment":[{"href":"https:\/\/www.taxi-tirol.com\/en\/wp-json\/wp\/v2\/media?parent=1039"}],"curies":[{"name":"wp","href":"https:\/\/api.w.org\/{rel}","templated":true}]}}